{"id":168687,"date":"2024-01-24T13:18:49","date_gmt":"2024-01-24T13:18:49","guid":{"rendered":"https:\/\/explorial.com\/trails\/stadttour-bregenz-1\/"},"modified":"2024-09-09T09:05:04","modified_gmt":"2024-09-09T09:05:04","slug":"stadttour-bregenz-1","status":"publish","type":"product","link":"https:\/\/explorial.com\/de-ch\/trails\/stadttour-bregenz-1\/","title":{"rendered":"Bregenz"},"content":{"rendered":"","protected":false},"excerpt":{"rendered":"","protected":false},"featured_media":279804,"comment_status":"open","ping_status":"closed","template":"","meta":{"_acf_changed":false},"product_brand":[],"product_cat":[2139,2913],"product_tag":[2907],"class_list":{"0":"post-168687","1":"product","2":"type-product","3":"status-publish","4":"has-post-thumbnail","6":"product_cat-austria-ch","7":"product_cat-vorarlberg-ch","8":"product_tag-bregenz-es","10":"first","11":"instock","12":"sale","13":"taxable","14":"shipping-taxable","15":"purchasable","16":"product-type-variable"},"acf":{"city_name":"Bregenz","city_name_display":"Bregenz","languages":"Deutsch, Englisch","duration":"etwa 1.5 - 2 Stunden","description_1":"","description_2":"","city_description":"Bregenz, die Landeshauptstadt von Vorarlberg, hat eine Geschichte, die bis zu den Kelten und R\u00f6mern zur\u00fcckreicht, und alle haben ihre Spuren hinterlassen. Heute begeistern die verkehrsfreie Innenstadt, der idyllische See mit gro\u00dfer Hafenanlage und die Altstadt Einheimische und G\u00e4ste gleicherma\u00dfen.","short_description":"","notes":"","header_image":279798,"highlight_locations":"Unteres Stadttor (Eingang zur Altstadt), Kapuzinerkloster, Molo","additional_wheelchair":"Dieser Trail ist aufgrund von Steigungen und Treppen f\u00fcr Rollst\u00fchle und Kinderwagen nur bedingt geeignet. Alle Orte sind jedoch erreichbar.","voucher_link":"","start_location_coordinates":"47.50416, 9.74671","start_location_name":"Kornmarkt","start_location_address":"6900 Bregenz","end_location_name":"Molo","partner_object":null},"_links":{"self":[{"href":"https:\/\/explorial.com\/de-ch\/wp-json\/wp\/v2\/product\/168687","targetHints":{"allow":["GET"]}}],"collection":[{"href":"https:\/\/explorial.com\/de-ch\/wp-json\/wp\/v2\/product"}],"about":[{"href":"https:\/\/explorial.com\/de-ch\/wp-json\/wp\/v2\/types\/product"}],"replies":[{"embeddable":true,"href":"https:\/\/explorial.com\/de-ch\/wp-json\/wp\/v2\/comments?post=168687"}],"wp:featuredmedia":[{"embeddable":true,"href":"https:\/\/explorial.com\/de-ch\/wp-json\/wp\/v2\/media\/279804"}],"wp:attachment":[{"href":"https:\/\/explorial.com\/de-ch\/wp-json\/wp\/v2\/media?parent=168687"}],"wp:term":[{"taxonomy":"product_brand","embeddable":true,"href":"https:\/\/explorial.com\/de-ch\/wp-json\/wp\/v2\/product_brand?post=168687"},{"taxonomy":"product_cat","embeddable":true,"href":"https:\/\/explorial.com\/de-ch\/wp-json\/wp\/v2\/product_cat?post=168687"},{"taxonomy":"product_tag","embeddable":true,"href":"https:\/\/explorial.com\/de-ch\/wp-json\/wp\/v2\/product_tag?post=168687"}],"curies":[{"name":"wp","href":"https:\/\/api.w.org\/{rel}","templated":true}]}}