{"id":168374,"date":"2024-01-24T13:14:25","date_gmt":"2024-01-24T13:14:25","guid":{"rendered":"https:\/\/explorial.com\/trails\/stadttour-heidelberg-1\/"},"modified":"2024-09-16T12:25:57","modified_gmt":"2024-09-16T12:25:57","slug":"stadttour-heidelberg-1","status":"publish","type":"product","link":"https:\/\/explorial.com\/de-ch\/trails\/stadttour-heidelberg-1\/","title":{"rendered":"Heidelberg"},"content":{"rendered":"","protected":false},"excerpt":{"rendered":"","protected":false},"featured_media":242026,"comment_status":"open","ping_status":"closed","template":"","meta":{"_acf_changed":false},"product_brand":[],"product_cat":[971,966],"product_tag":[2899],"class_list":{"0":"post-168374","1":"product","2":"type-product","3":"status-publish","4":"has-post-thumbnail","6":"product_cat-baden-wurttemberg-ch","7":"product_cat-germany-ch","8":"product_tag-heidelberg-pt","10":"first","11":"instock","12":"sale","13":"taxable","14":"shipping-taxable","15":"purchasable","16":"product-type-variable"},"acf":{"city_name":"Heidelberg","city_name_display":"Heidelberg","languages":"Deutsch, Englisch","duration":"etwa 1.5 - 2 Stunden","description_1":"","description_2":"","city_description":"Idyllisch gelegen zwischen den Bergen des Odenwalds, Neckar und K\u00f6nigsstuhl, ist Heidelberg mit einer erhaltenen Altstadt und seiner malerischen Schlossruine eine der sch\u00f6nsten St\u00e4dte Deutschlands. Mit absoluter Sicherheit ist Heidelberg eine der romantischsten St\u00e4dte! Als einstige kurpf\u00e4lzische Residenzstadt war die \u201cPerle am Neckar\u201d lange Schachfigur im R\u00e4nkespiel europ\u00e4ischer M\u00e4chte, die ihre Spuren hinterlie\u00dfen. Seine kulturgeschichtliche Bedeutung verdankt sich auch der Universit\u00e4tsgr\u00fcndung, die die fr\u00fcheste in Deutschland ist. Heidelberg wartet nicht nur mit Jahrhunderten von Geschichte auf, sondern mit einem modern-urbanen und lebendigen Stadtleben, gutem Essen, unz\u00e4hligen Flanierwegen und Aktivit\u00e4ten zu Wasser.","short_description":"","notes":"","header_image":242020,"highlight_locations":"Haus zum Riesen, Universit\u00e4tsplatz, Alte Br\u00fccke","additional_wheelchair":"Dieser Trail ist aufgrund von Steigungen und Treppen f\u00fcr Rollst\u00fchle und Kinderwagen nur bedingt geeignet. Alle Orte sind jedoch erreichbar.","voucher_link":"","start_location_coordinates":"49.40918, 8.69319","start_location_name":"Bismarckplatz Park","start_location_address":"Bismarckpl. 1, 69115 Heidelberg, Deutschland","end_location_name":"Liebesstein","partner_object":null},"_links":{"self":[{"href":"https:\/\/explorial.com\/de-ch\/wp-json\/wp\/v2\/product\/168374","targetHints":{"allow":["GET"]}}],"collection":[{"href":"https:\/\/explorial.com\/de-ch\/wp-json\/wp\/v2\/product"}],"about":[{"href":"https:\/\/explorial.com\/de-ch\/wp-json\/wp\/v2\/types\/product"}],"replies":[{"embeddable":true,"href":"https:\/\/explorial.com\/de-ch\/wp-json\/wp\/v2\/comments?post=168374"}],"wp:featuredmedia":[{"embeddable":true,"href":"https:\/\/explorial.com\/de-ch\/wp-json\/wp\/v2\/media\/242026"}],"wp:attachment":[{"href":"https:\/\/explorial.com\/de-ch\/wp-json\/wp\/v2\/media?parent=168374"}],"wp:term":[{"taxonomy":"product_brand","embeddable":true,"href":"https:\/\/explorial.com\/de-ch\/wp-json\/wp\/v2\/product_brand?post=168374"},{"taxonomy":"product_cat","embeddable":true,"href":"https:\/\/explorial.com\/de-ch\/wp-json\/wp\/v2\/product_cat?post=168374"},{"taxonomy":"product_tag","embeddable":true,"href":"https:\/\/explorial.com\/de-ch\/wp-json\/wp\/v2\/product_tag?post=168374"}],"curies":[{"name":"wp","href":"https:\/\/api.w.org\/{rel}","templated":true}]}}