{"id":113095,"date":"2023-09-12T08:09:32","date_gmt":"2023-09-12T08:09:32","guid":{"rendered":"https:\/\/explorial.com\/trails\/stadttour-olinda-1\/"},"modified":"2024-09-09T10:03:34","modified_gmt":"2024-09-09T10:03:34","slug":"stadttour-olinda-1","status":"publish","type":"product","link":"https:\/\/explorial.com\/de-ch\/trails\/stadttour-olinda-1\/","title":{"rendered":"Olinda"},"content":{"rendered":"","protected":false},"excerpt":{"rendered":"","protected":false},"featured_media":113000,"comment_status":"open","ping_status":"closed","template":"","meta":{"_acf_changed":false},"product_brand":[],"product_cat":[1633,1861],"product_tag":[1854],"class_list":{"0":"post-113095","1":"product","2":"type-product","3":"status-publish","4":"has-post-thumbnail","6":"product_cat-brazil-ch","7":"product_cat-northeast-region-ch","8":"product_tag-olinda-de","10":"first","11":"instock","12":"sale","13":"taxable","14":"shipping-taxable","15":"purchasable","16":"product-type-variable"},"acf":{"city_name":"Olinda","city_name_display":"Olinda","languages":"Portugiesisch, Englisch, Spanisch","duration":"etwa 1.5 - 2 Stunden","description_1":"","description_2":"","city_description":"","short_description":"","notes":"","header_image":112994,"highlight_locations":"Catedral da S\u00e9, Mosteiro de S\u00e3o Bento, Casa de Alceu Valen\u00e7a","additional_wheelchair":"Dieser Trail ist aufgrund von Steigungen und Treppen f\u00fcr Rollst\u00fchle und Kinderwagen nur bedingt geeignet. Alle Orte sind jedoch erreichbar.","voucher_link":"","start_location_coordinates":"-8.01921, -34.85351","start_location_name":"C\u00e2mara Municipal de Olinda","start_location_address":"R. Quinze de Novembro, 94, 53020-070, Brasil","end_location_name":"Catedral da S\u00e9","partner_object":null},"_links":{"self":[{"href":"https:\/\/explorial.com\/de-ch\/wp-json\/wp\/v2\/product\/113095","targetHints":{"allow":["GET"]}}],"collection":[{"href":"https:\/\/explorial.com\/de-ch\/wp-json\/wp\/v2\/product"}],"about":[{"href":"https:\/\/explorial.com\/de-ch\/wp-json\/wp\/v2\/types\/product"}],"replies":[{"embeddable":true,"href":"https:\/\/explorial.com\/de-ch\/wp-json\/wp\/v2\/comments?post=113095"}],"wp:featuredmedia":[{"embeddable":true,"href":"https:\/\/explorial.com\/de-ch\/wp-json\/wp\/v2\/media\/113000"}],"wp:attachment":[{"href":"https:\/\/explorial.com\/de-ch\/wp-json\/wp\/v2\/media?parent=113095"}],"wp:term":[{"taxonomy":"product_brand","embeddable":true,"href":"https:\/\/explorial.com\/de-ch\/wp-json\/wp\/v2\/product_brand?post=113095"},{"taxonomy":"product_cat","embeddable":true,"href":"https:\/\/explorial.com\/de-ch\/wp-json\/wp\/v2\/product_cat?post=113095"},{"taxonomy":"product_tag","embeddable":true,"href":"https:\/\/explorial.com\/de-ch\/wp-json\/wp\/v2\/product_tag?post=113095"}],"curies":[{"name":"wp","href":"https:\/\/api.w.org\/{rel}","templated":true}]}}